{"id":111,"date":"2024-03-02T23:49:25","date_gmt":"2024-03-02T23:49:25","guid":{"rendered":"https:\/\/www.dacsuhs.com\/?page_id=111"},"modified":"2024-08-17T07:39:33","modified_gmt":"2024-08-17T07:39:33","slug":"medlemmer","status":"publish","type":"page","link":"https:\/\/www.dacsuhs.com\/?page_id=111","title":{"rendered":"Medlemmer"},"content":{"rendered":"\n<p><\/p>\n\n\n\n<h2 class=\"wp-block-heading\"><strong>Thorbj\u00f8rn S\u00f8ren R\u00f8nn Jensen<\/strong><\/h2>\n\n\n<div class=\"wp-block-image\">\n<figure class=\"aligncenter size-full is-resized\"><img loading=\"lazy\" decoding=\"async\" width=\"575\" height=\"770\" src=\"https:\/\/www.dacsuhs.com\/wp-content\/uploads\/2024\/08\/Billede-Thorbjoern.jpg\" alt=\"\" class=\"wp-image-217\" style=\"width:205px;height:auto\" srcset=\"https:\/\/www.dacsuhs.com\/wp-content\/uploads\/2024\/08\/Billede-Thorbjoern.jpg 575w, https:\/\/www.dacsuhs.com\/wp-content\/uploads\/2024\/08\/Billede-Thorbjoern-224x300.jpg 224w\" sizes=\"auto, (max-width: 575px) 100vw, 575px\" \/><\/figure>\n<\/div>\n\n\n<p>MD, ph.d., har v\u00e6ret medlem af DACSUHS siden 2017, og har sammen med K\u00e5re Fugleholm v\u00e6ret prim\u00e6re ansvarlige for Drain Time 1 studiet. Desuden har Thorbj\u00f8rn v\u00e6ret initiativtager for den internationale samarbejdspartner iCORIC. Thorbj\u00f8rn har en ph.d.- grad i patofysiologien bag et kronisk subduralt h\u00e6matom.<\/p>\n\n\n\n<p>MD, PhD, has been a member of DACSUHS since 2017, and has together with K\u00e5re Fugleholm been project manager of the Drain Time 1 study. Together with colleagues from Sweden, United Kingdom, Holland and Belgium, Thorbj\u00f8rn has initiated the international CSDH group, iCORIC. Thorbj\u00f8rn has a PhD in the pathophysiology of a chronic subdural hematoma.<\/p>\n\n\n\n<h2 class=\"wp-block-heading\">Mette Haldrup<\/h2>\n\n\n<div class=\"wp-block-image\">\n<figure class=\"aligncenter size-large is-resized\"><img loading=\"lazy\" decoding=\"async\" width=\"670\" height=\"1024\" src=\"https:\/\/www.dacsuhs.com\/wp-content\/uploads\/2024\/03\/image0-670x1024.jpeg\" alt=\"\" class=\"wp-image-161\" style=\"width:159px;height:auto\" srcset=\"https:\/\/www.dacsuhs.com\/wp-content\/uploads\/2024\/03\/image0-670x1024.jpeg 670w, https:\/\/www.dacsuhs.com\/wp-content\/uploads\/2024\/03\/image0-196x300.jpeg 196w, https:\/\/www.dacsuhs.com\/wp-content\/uploads\/2024\/03\/image0-768x1174.jpeg 768w, https:\/\/www.dacsuhs.com\/wp-content\/uploads\/2024\/03\/image0-1005x1536.jpeg 1005w, https:\/\/www.dacsuhs.com\/wp-content\/uploads\/2024\/03\/image0-707x1080.jpeg 707w, https:\/\/www.dacsuhs.com\/wp-content\/uploads\/2024\/03\/image0.jpeg 1102w\" sizes=\"auto, (max-width: 670px) 100vw, 670px\" \/><\/figure>\n<\/div>\n\n<p>MD, PhD, Neurokirurgiskhoveduddannelsesl\u00e6ge p\u00e5 Neurokirurgisk Afdeling, Aarhus Universitetshospital.<\/p>\n<p>Klinisk og forskningsm\u00e6ssig interesse inden for kraniekirurgi med en PhD omhandlende nye innovative metoder til h\u00e6matomfjernelse ved hjernebl\u00f8dninger.<\/p>\n\n\n<p><\/p>\n\n\n\n<h2 class=\"wp-block-heading\"><strong>Rares Miscov<\/strong><\/h2>\n\n\n<div class=\"wp-block-image\">\n<figure class=\"aligncenter size-full is-resized\"><img loading=\"lazy\" decoding=\"async\" width=\"320\" height=\"320\" src=\"https:\/\/www.dacsuhs.com\/wp-content\/uploads\/2024\/03\/image.png\" alt=\"\" class=\"wp-image-162\" style=\"width:184px;height:auto\" srcset=\"https:\/\/www.dacsuhs.com\/wp-content\/uploads\/2024\/03\/image.png 320w, https:\/\/www.dacsuhs.com\/wp-content\/uploads\/2024\/03\/image-300x300.png 300w, https:\/\/www.dacsuhs.com\/wp-content\/uploads\/2024\/03\/image-150x150.png 150w, https:\/\/www.dacsuhs.com\/wp-content\/uploads\/2024\/03\/image-144x144.png 144w\" sizes=\"auto, (max-width: 320px) 100vw, 320px\" \/><\/figure>\n<\/div>\n\n\n<p>Nervesystemet har altid fascineret mig, dels i forhold til detektivarbejdet og finessen i at udf\u00f8re indgrebene, samt at man kan g\u00f8re en betydelig forskel i patienternes liv i dette speciale.<\/p>\n\n\n\n<p>Jeg har v\u00e6ret involveret i neurokirurgi i forskellige omfange siden 2008, hvor jeg har v\u00e6ret medlem og koordinator i et studerendeselskab med ugentlige m\u00f8der om diverse emner indenfor neurofagene (hovedsageligt neurokirurgi), deltagelse i kongresser og hands-on kurser, og vagter p\u00e5 afdeling, som aktuelt forts\u00e6tter med en speciall\u00e6geuddannelse med forskning indenfor kroniske subdurale hematomer samt tr\u00e6ningsmetoder i neurokirurgi.<\/p>\n","protected":false},"excerpt":{"rendered":"<p>Thorbj\u00f8rn S\u00f8ren R\u00f8nn Jensen MD, ph.d., har v\u00e6ret medlem af DACSUHS siden 2017, og har sammen med K\u00e5re Fugleholm v\u00e6ret prim\u00e6re ansvarlige for Drain Time 1 studiet. Desuden har Thorbj\u00f8rn v\u00e6ret initiativtager for den internationale samarbejdspartner iCORIC. Thorbj\u00f8rn har en ph.d.- grad i patofysiologien bag et kronisk subduralt h\u00e6matom. MD, PhD, has been a member &hellip; <a href=\"https:\/\/www.dacsuhs.com\/?page_id=111\" class=\"more-link\">L\u00e6s videre <span class=\"screen-reader-text\">Medlemmer<\/span> <span class=\"meta-nav\">&rarr;<\/span><\/a><\/p>\n","protected":false},"author":1,"featured_media":0,"parent":0,"menu_order":0,"comment_status":"closed","ping_status":"closed","template":"","meta":{"footnotes":""},"class_list":["post-111","page","type-page","status-publish","hentry"],"jetpack_sharing_enabled":true,"_links":{"self":[{"href":"https:\/\/www.dacsuhs.com\/index.php?rest_route=\/wp\/v2\/pages\/111","targetHints":{"allow":["GET"]}}],"collection":[{"href":"https:\/\/www.dacsuhs.com\/index.php?rest_route=\/wp\/v2\/pages"}],"about":[{"href":"https:\/\/www.dacsuhs.com\/index.php?rest_route=\/wp\/v2\/types\/page"}],"author":[{"embeddable":true,"href":"https:\/\/www.dacsuhs.com\/index.php?rest_route=\/wp\/v2\/users\/1"}],"replies":[{"embeddable":true,"href":"https:\/\/www.dacsuhs.com\/index.php?rest_route=%2Fwp%2Fv2%2Fcomments&post=111"}],"version-history":[{"count":14,"href":"https:\/\/www.dacsuhs.com\/index.php?rest_route=\/wp\/v2\/pages\/111\/revisions"}],"predecessor-version":[{"id":219,"href":"https:\/\/www.dacsuhs.com\/index.php?rest_route=\/wp\/v2\/pages\/111\/revisions\/219"}],"wp:attachment":[{"href":"https:\/\/www.dacsuhs.com\/index.php?rest_route=%2Fwp%2Fv2%2Fmedia&parent=111"}],"curies":[{"name":"wp","href":"https:\/\/api.w.org\/{rel}","templated":true}]}}