{"id":211,"date":"2024-08-09T06:40:37","date_gmt":"2024-08-09T06:40:37","guid":{"rendered":"https:\/\/www.dacsuhs.com\/?page_id=211"},"modified":"2024-08-09T06:40:37","modified_gmt":"2024-08-09T06:40:37","slug":"fremtidige-studier","status":"publish","type":"page","link":"https:\/\/www.dacsuhs.com\/?page_id=211","title":{"rendered":"Fremtidige studier"},"content":{"rendered":"\n<p><strong>Projektets originale titel<\/strong>: Postoperativ 24 timers aktiv subperiostal dr\u00e6nage versus 24 timers passiv subdural dr\u00e6nage efter evakuering af kronisk subduralt h\u00e6matom &#8211; et nationalt randomiseret kontrolleret studie<\/p>\n\n\n\n<p><strong>English title:<\/strong>&nbsp;Active 24 hours subperiostal vs. 24 hours passive subdural drainage following burr hole evacuation of chronic subdural hematoma (the SuperDura trial) \u2013 A nationwide randomized clinical non-inferiority trial.<\/p>\n\n\n\n<p><strong><u>Short title:&nbsp;<\/u><\/strong><\/p>\n\n\n\n<p>SUPERDURA trial (SUbPERiostal vs subDURAl drain placement)<\/p>\n\n\n\n<p>Samarbejdspartnere<\/p>\n\n\n\n<ul class=\"wp-block-list\">\n<li>Rares Miscov<sup>1<\/sup>, Thorbj\u00f8rn S\u00f8ren R\u00f8nn Jensen<sup>2<\/sup>, Mads Hjortdal Gr\u00f8nh\u00f8j<sup>3,4<\/sup>, Mette Haldrup<sup>5<\/sup>, Markus Harboe Olsen<sup>6<\/sup>, Anders Rosendal Korsh\u00f8j<sup>5<\/sup>, Frantz Rom Poulsen<sup>3,4<\/sup>\u00a0K\u00e5re Fugleholm<sup>2<\/sup>\u00a0and Carsten Reidies Bjarkam<sup>1<\/sup>.<\/li>\n\n\n\n<li><sup>1<\/sup>Aalborg University Hospital, Dept. of Neurosurgery, Hobrovej 18-22, DK-9000 Aalborg, Denmark.<\/li>\n<\/ul>\n\n\n\n<p><sup>2<\/sup>Rigshospitalet, Dept. of Neurosurgery, Inge Lehmanns vej 6, DK-2100 Copenhagen, Denmark.<\/p>\n\n\n\n<p><sup>3<\/sup>Odense University Hospital, Dept. of Neurosurgery, J.B. Winsl\u00f8wsvej 4, DK-5000 Odense, Denmark.<\/p>\n\n\n\n<p><sup>4<\/sup>Department of Clinical Research and BRIDGE\u2014Brain Research Inter-Disciplinary Guided Excellence, University of Southern Denmark, DK-5000 Odense, Denmark.<\/p>\n\n\n\n<p><sup>5<\/sup>Aarhus University Hospital, Dept. Of Neurosurgery, Palle Juul-Jensens Boulevard 99, DK-8200 Aarhus, Denmark.<\/p>\n\n\n\n<p><sup>6<\/sup>Department of Neuroanesthesiology, The neuroscience Centre, Copenhagen University Hospital, Rigshospitalet, Copenhagen, Denmark.<\/p>\n\n\n\n<p>Prim\u00e6re fors\u00f8gsansvarlige<\/p>\n\n\n\n<p>L\u00e6ge Rares Miscov og overl\u00e6ge, professor, dr. med. Carsten Reidies Bjarkam, Neurokirurgisk Afdeling, Aalborg Universitetshospital.<\/p>\n\n\n\n<p>Form\u00e5l:<\/p>\n\n\n\n<p>At teste hvorvidt 24 timers aktiv subperiostal dr\u00e6nage er non-inferiort til 24 timers passiv subdural dr\u00e6nage efter borhulsevakuering af kronisk subdural h\u00e6matom i forhold til recidiv og mortalitet indenfor 90 dage postoperativt.<\/p>\n\n\n\n<p>Planlagt inklusion:<\/p>\n\n\n\n<p>Inklusion af samlet 500 patienter (250 i hver gruppe).<\/p>\n\n\n\n<p>Status:<\/p>\n\n\n\n<ul class=\"wp-block-list\">\n<li>Godkendt af Videnskabsetisk komit\u00e9\u00a0<\/li>\n<\/ul>\n\n\n\n<p>Afventer opstart<\/p>\n","protected":false},"excerpt":{"rendered":"<p>Projektets originale titel: Postoperativ 24 timers aktiv subperiostal dr\u00e6nage versus 24 timers passiv subdural dr\u00e6nage efter evakuering af kronisk subduralt h\u00e6matom &#8211; et nationalt randomiseret kontrolleret studie English title:&nbsp;Active 24 hours subperiostal vs. 24 hours passive subdural drainage following burr hole evacuation of chronic subdural hematoma (the SuperDura trial) \u2013 A nationwide randomized clinical non-inferiority &hellip; <a href=\"https:\/\/www.dacsuhs.com\/?page_id=211\" class=\"more-link\">L\u00e6s videre <span class=\"screen-reader-text\">Fremtidige studier<\/span> <span class=\"meta-nav\">&rarr;<\/span><\/a><\/p>\n","protected":false},"author":1,"featured_media":0,"parent":0,"menu_order":0,"comment_status":"closed","ping_status":"closed","template":"","meta":{"footnotes":""},"class_list":["post-211","page","type-page","status-publish","hentry"],"jetpack_sharing_enabled":true,"_links":{"self":[{"href":"https:\/\/www.dacsuhs.com\/index.php?rest_route=\/wp\/v2\/pages\/211","targetHints":{"allow":["GET"]}}],"collection":[{"href":"https:\/\/www.dacsuhs.com\/index.php?rest_route=\/wp\/v2\/pages"}],"about":[{"href":"https:\/\/www.dacsuhs.com\/index.php?rest_route=\/wp\/v2\/types\/page"}],"author":[{"embeddable":true,"href":"https:\/\/www.dacsuhs.com\/index.php?rest_route=\/wp\/v2\/users\/1"}],"replies":[{"embeddable":true,"href":"https:\/\/www.dacsuhs.com\/index.php?rest_route=%2Fwp%2Fv2%2Fcomments&post=211"}],"version-history":[{"count":1,"href":"https:\/\/www.dacsuhs.com\/index.php?rest_route=\/wp\/v2\/pages\/211\/revisions"}],"predecessor-version":[{"id":213,"href":"https:\/\/www.dacsuhs.com\/index.php?rest_route=\/wp\/v2\/pages\/211\/revisions\/213"}],"wp:attachment":[{"href":"https:\/\/www.dacsuhs.com\/index.php?rest_route=%2Fwp%2Fv2%2Fmedia&parent=211"}],"curies":[{"name":"wp","href":"https:\/\/api.w.org\/{rel}","templated":true}]}}